{"id":7422,"date":"2023-08-31T16:47:00","date_gmt":"2023-08-31T19:47:00","guid":{"rendered":"https:\/\/elemarjr.com\/clube-de-estudos\/?page_id=7422"},"modified":"2023-10-17T16:53:22","modified_gmt":"2023-10-17T19:53:22","slug":"masterclasses-padroes-de-projeto","status":"publish","type":"page","link":"https:\/\/elemarjr.com\/clube-de-estudos\/masterclasses-padroes-de-projeto\/","title":{"rendered":"Masterclasses &#8211; Padr\u00f5es de Projeto"},"content":{"rendered":"\t\t<div data-elementor-type=\"wp-page\" data-elementor-id=\"7422\" class=\"elementor elementor-7422\" data-elementor-post-type=\"page\">\n\t\t\t\t\t\t<section data-dce-background-image-url=\"https:\/\/elemarjr.com\/clube-de-estudos\/wp-content\/uploads\/2023\/09\/bg-pp.jpg\" class=\"elementor-section elementor-top-section elementor-element elementor-element-28600238 elementor-section-boxed elementor-section-height-default elementor-section-height-default\" data-id=\"28600238\" data-element_type=\"section\" data-settings=\"{&quot;background_background&quot;:&quot;classic&quot;}\">\n\t\t\t\t\t\t<div class=\"elementor-container elementor-column-gap-default\">\n\t\t\t\t\t<div class=\"elementor-column elementor-col-50 elementor-top-column elementor-element elementor-element-6350358c\" data-id=\"6350358c\" data-element_type=\"column\">\n\t\t\t<div class=\"elementor-widget-wrap elementor-element-populated\">\n\t\t\t\t\t\t<div class=\"elementor-element elementor-element-6bba50c4 elementor-mobile-align-left elementor-widget elementor-widget-button\" data-id=\"6bba50c4\" data-element_type=\"widget\" data-widget_type=\"button.default\">\n\t\t\t\t<div class=\"elementor-widget-container\">\n\t\t\t\t\t\t\t\t\t<div class=\"elementor-button-wrapper\">\n\t\t\t\t\t<a class=\"elementor-button elementor-size-sm\" role=\"button\">\n\t\t\t\t\t\t<span class=\"elementor-button-content-wrapper\">\n\t\t\t\t\t\t\t\t\t<span class=\"elementor-button-text\">Sess\u00f5es de Masterclass<\/span>\n\t\t\t\t\t<\/span>\n\t\t\t\t\t<\/a>\n\t\t\t\t<\/div>\n\t\t\t\t\t\t\t\t<\/div>\n\t\t\t\t<\/div>\n\t\t\t\t<div class=\"elementor-element elementor-element-6df0fa5a elementor-widget elementor-widget-heading\" data-id=\"6df0fa5a\" data-element_type=\"widget\" data-widget_type=\"heading.default\">\n\t\t\t\t<div class=\"elementor-widget-container\">\n\t\t\t\t\t<h2 class=\"elementor-heading-title elementor-size-default\">Padr\u00f5es de Projeto<\/h2>\t\t\t\t<\/div>\n\t\t\t\t<\/div>\n\t\t\t\t<div class=\"elementor-element elementor-element-671da0f7 elementor-widget elementor-widget-text-editor\" data-id=\"671da0f7\" data-element_type=\"widget\" data-widget_type=\"text-editor.default\">\n\t\t\t\t<div class=\"elementor-widget-container\">\n\t\t\t\t\t\t\t\t\t<p>Confira quais foram as <strong>sess\u00f5es de masterclass j\u00e1 gravadas<\/strong> que voc\u00ea ter\u00e1 acesso ao se inscrever neste grupo de estudos:<\/p>\t\t\t\t\t\t\t\t<\/div>\n\t\t\t\t<\/div>\n\t\t\t\t\t<\/div>\n\t\t<\/div>\n\t\t\t\t<div class=\"elementor-column elementor-col-50 elementor-top-column elementor-element elementor-element-12b649f0 elementor-hidden-tablet elementor-hidden-mobile\" data-id=\"12b649f0\" data-element_type=\"column\">\n\t\t\t<div class=\"elementor-widget-wrap elementor-element-populated\">\n\t\t\t\t\t\t<div class=\"elementor-element elementor-element-17e6e00 elementor-widget elementor-widget-image\" data-id=\"17e6e00\" data-element_type=\"widget\" data-widget_type=\"image.default\">\n\t\t\t\t<div class=\"elementor-widget-container\">\n\t\t\t\t\t\t\t\t\t\t\t\t\t\t\t<img fetchpriority=\"high\" decoding=\"async\" width=\"306\" height=\"300\" src=\"https:\/\/elemarjr.com\/clube-de-estudos\/wp-content\/uploads\/2022\/12\/img-06.svg\" class=\"attachment-large size-large wp-image-1590\" alt=\"Sess\u00f5es de masterclass\" \/>\t\t\t\t\t\t\t\t\t\t\t\t\t\t\t<\/div>\n\t\t\t\t<\/div>\n\t\t\t\t\t<\/div>\n\t\t<\/div>\n\t\t\t\t\t<\/div>\n\t\t<\/section>\n\t\t<!-- hidden section -->\t\t<\/div>\n\t\t","protected":false},"excerpt":{"rendered":"<p>Sess\u00f5es de Masterclass Confira quais foram as sess\u00f5es de masterclass j\u00e1 gravadas que voc\u00ea ter\u00e1 acesso ao se inscrever neste grupo de estudos: Sess\u00f5es de masterclass j\u00e1 gravadas: Cronograma de novas aulas em breve Participe do grupo intensivo de com INSCREVA-SE E PARTICIPE!<\/p>\n","protected":false},"author":1,"featured_media":0,"parent":0,"menu_order":0,"comment_status":"closed","ping_status":"closed","template":"elementor_header_footer","meta":{"_acf_changed":false,"footnotes":""},"cursos":[7],"class_list":["post-7422","page","type-page","status-publish","hentry","cursos-gof"],"acf":[],"_links":{"self":[{"href":"https:\/\/elemarjr.com\/clube-de-estudos\/wp-json\/wp\/v2\/pages\/7422","targetHints":{"allow":["GET"]}}],"collection":[{"href":"https:\/\/elemarjr.com\/clube-de-estudos\/wp-json\/wp\/v2\/pages"}],"about":[{"href":"https:\/\/elemarjr.com\/clube-de-estudos\/wp-json\/wp\/v2\/types\/page"}],"author":[{"embeddable":true,"href":"https:\/\/elemarjr.com\/clube-de-estudos\/wp-json\/wp\/v2\/users\/1"}],"replies":[{"embeddable":true,"href":"https:\/\/elemarjr.com\/clube-de-estudos\/wp-json\/wp\/v2\/comments?post=7422"}],"version-history":[{"count":17,"href":"https:\/\/elemarjr.com\/clube-de-estudos\/wp-json\/wp\/v2\/pages\/7422\/revisions"}],"predecessor-version":[{"id":8385,"href":"https:\/\/elemarjr.com\/clube-de-estudos\/wp-json\/wp\/v2\/pages\/7422\/revisions\/8385"}],"wp:attachment":[{"href":"https:\/\/elemarjr.com\/clube-de-estudos\/wp-json\/wp\/v2\/media?parent=7422"}],"wp:term":[{"taxonomy":"cursos","embeddable":true,"href":"https:\/\/elemarjr.com\/clube-de-estudos\/wp-json\/wp\/v2\/cursos?post=7422"}],"curies":[{"name":"wp","href":"https:\/\/api.w.org\/{rel}","templated":true}]}}